{"id":11364,"date":"2020-01-13T20:01:59","date_gmt":"2020-01-13T17:01:59","guid":{"rendered":"https:\/\/www.ambalajbursa.com\/magaza\/?page_id=11364"},"modified":"2020-01-13T20:02:00","modified_gmt":"2020-01-13T17:02:00","slug":"teslimat-politikasi","status":"publish","type":"page","link":"https:\/\/ambalajbursa.com\/magaza\/teslimat-politikasi\/","title":{"rendered":"Teslimat Politikas\u0131"},"content":{"rendered":"\n<p><strong>Teslimat\u00a0<\/strong>Sipari\u015f etmi\u015f oldu\u011funuz stoktaki \u00fcr\u00fcnleri ayn\u0131 g\u00fcn kargoya teslim etmeye gayret ediyoruz. Temini zaman alan \u00fcr\u00fcnler i\u00e7in kargo teslim s\u00fcresi  3 i\u015f g\u00fcn\u00fcd\u00fcr. \u00dcretim yap\u0131lacak \u00fcr\u00fcnler i\u00e7in ortalama 7 i\u015f g\u00fcn\u00fcd\u00fcr. Gecikmesi muhtemel teslimat durumunda size bilgi verilecektir. \u00dcr\u00fcn teslimat\u0131n\u0131n aksamadan ger\u00e7ekle\u015ftirilebilmesi i\u00e7in l\u00fctfen g\u00fcn i\u00e7inde bulundu\u011funuz yerin adresini teslimat adresi olarak bildiriniz. Talepleriniz sipari\u015f sonunda belirlemi\u015f oldu\u011funuz teslimat tipine g\u00f6re haz\u0131rlanmak \u00fczere i\u015fleme al\u0131nacakt\u0131r. \u00dcr\u00fcnler sat\u0131n al\u0131rken m\u00fc\u015fterinin se\u00e7ene\u011fine g\u00f6re teslim edilecek veya kargo firmas\u0131yla g\u00f6nderilecektir. Sipari\u015fleriniz onayland\u0131ktan sonra en ge\u00e7 2 (iki) i\u015f g\u00fcn\u00fc sonunda Kargo firmas\u0131na teslim edilir. Teslimat bilgilerini \u00fcr\u00fcn\u00fc sat\u0131n al\u0131rken uygun se\u00e7ene\u011fi se\u00e7iniz . Ayr\u0131ca kargo teslimatlar\u0131 sadece T\u00fcrkiye i\u00e7in ge\u00e7erlidir <strong>\u00d6deme Takibi<\/strong> S\u00f6z konusu sistem herhangi bir sorun nedeni ile i\u015flemi ger\u00e7ekle\u015ftiremiyorsa \u00f6deme sayfas\u0131 sonucunda m\u00fc\u015fterilerimiz bu durumdan haberdar edilmektedir. Belirtilen adreste herhangi bir hata durumunda teslimat\u0131 ger\u00e7ekle\u015femeyen sipari\u015f ile ilgili olarak sipari\u015fi veren ile ba\u011flant\u0131 kurulmaktad\u0131r. M\u00fc\u015fterilerimiz taraf\u0131ndan belirtilen e-posta adresinin ge\u00e7erlili\u011fi sipari\u015fin aktar\u0131lmas\u0131n\u0131 takiben g\u00f6nderilen otomatik e-posta ile teyit edilmektedir.Teslimat\u0131n ger\u00e7ekle\u015fmesi konusunda m\u00fc\u015fteri kadar kredi kart\u0131 sistemini kulland\u0131\u011f\u0131m\u0131z bankaya kar\u015f\u0131 da sorumlulu\u011fumuz s\u00f6z konusudur. <strong>L\u00fctfen dikkat ediniz!<\/strong> Sevkiyat s\u0131ras\u0131nda zarar g\u00f6rd\u00fc\u011f\u00fcn\u00fc d\u00fc\u015f\u00fcnd\u00fc\u011f\u00fcn\u00fcz paketleri, teslim ald\u0131\u011f\u0131n\u0131z firma yetkilisi \u00f6n\u00fcnde a\u00e7\u0131p kontrol ediniz. E\u011fer \u00fcr\u00fcnde herhangi bir zarar oldu\u011funu d\u00fc\u015f\u00fcn\u00fcyorsan\u0131z kargo firmas\u0131na tutanak tutturularak \u00fcr\u00fcn\u00fc teslim almay\u0131n\u0131z.\u00dcr\u00fcn teslim al\u0131nd\u0131ktan sonra kargo firmas\u0131n\u0131n g\u00f6revini tam olarak yerine getirdi\u011fi kabul edilmektedir.\u00dcr\u00fcn hasarl\u0131 ise: Haz\u0131rlam\u0131\u015f oldu\u011funuz tutana\u011f\u0131 en k\u0131sa zamanda\u00a0<strong>info@ambalajbursa.com<\/strong>\u00a0adresine g\u00f6nderin ve durumu\u00a0<strong>0224 253 6094 &#8211; 0544 253 60 94<\/strong>\u00a0telefon numaras\u0131na bildiriniz. Bu i\u015flemleri ger\u00e7ekle\u015ftirdi\u011finiz takdirde paketinizle ilgili \u00e7al\u0131\u015fmalara ba\u015flayarak, en k\u0131sa zamanda teslimat\u0131n tekrarlanmas\u0131n\u0131 sa\u011flayaca\u011f\u0131z. Bu e-posta i\u00e7inde \u00fcr\u00fcn\u00fc neden iade etmek istedi\u011finizi k\u0131saca a\u00e7\u0131klarsan\u0131z \u00fcr\u00fcn ile ilgili \u00e7al\u0131\u015fmalar\u0131m\u0131zda bize yard\u0131mc\u0131 olmu\u015f olursunuz. <\/p>\n","protected":false},"excerpt":{"rendered":"<p>Teslimat\u00a0Sipari\u015f etmi\u015f oldu\u011funuz stoktaki \u00fcr\u00fcnleri ayn\u0131 g\u00fcn kargoya teslim etmeye gayret ediyoruz. Temini zaman alan \u00fcr\u00fcnler i\u00e7in kargo teslim s\u00fcresi 3 i\u015f g\u00fcn\u00fcd\u00fcr. \u00dcretim yap\u0131lacak \u00fcr\u00fcnler i\u00e7in ortalama 7 i\u015f g\u00fcn\u00fcd\u00fcr. Gecikmesi muhtemel teslimat durumunda size bilgi verilecektir. \u00dcr\u00fcn teslimat\u0131n\u0131n aksamadan ger\u00e7ekle\u015ftirilebilmesi i\u00e7in l\u00fctfen g\u00fcn i\u00e7inde bulundu\u011funuz yerin adresini teslimat adresi olarak bildiriniz. Talepleriniz sipari\u015f [&hellip;]<\/p>\n","protected":false},"author":1,"featured_media":0,"parent":0,"menu_order":0,"comment_status":"closed","ping_status":"closed","template":"","meta":{"footnotes":""},"class_list":["post-11364","page","type-page","status-publish","hentry","entry","owp-thumbs-layout-vertical","owp-btn-normal","owp-tabs-layout-horizontal","has-no-thumbnails","has-product-nav","circle-sale"],"_links":{"self":[{"href":"https:\/\/ambalajbursa.com\/magaza\/wp-json\/wp\/v2\/pages\/11364","targetHints":{"allow":["GET"]}}],"collection":[{"href":"https:\/\/ambalajbursa.com\/magaza\/wp-json\/wp\/v2\/pages"}],"about":[{"href":"https:\/\/ambalajbursa.com\/magaza\/wp-json\/wp\/v2\/types\/page"}],"author":[{"embeddable":true,"href":"https:\/\/ambalajbursa.com\/magaza\/wp-json\/wp\/v2\/users\/1"}],"replies":[{"embeddable":true,"href":"https:\/\/ambalajbursa.com\/magaza\/wp-json\/wp\/v2\/comments?post=11364"}],"version-history":[{"count":0,"href":"https:\/\/ambalajbursa.com\/magaza\/wp-json\/wp\/v2\/pages\/11364\/revisions"}],"wp:attachment":[{"href":"https:\/\/ambalajbursa.com\/magaza\/wp-json\/wp\/v2\/media?parent=11364"}],"curies":[{"name":"wp","href":"https:\/\/api.w.org\/{rel}","templated":true}]}}