{"id":12809,"date":"2023-04-11T02:58:20","date_gmt":"2023-04-10T23:58:20","guid":{"rendered":"https:\/\/www.ambalajbursa.com\/magaza\/urun\/tekli-islak-mendil\/"},"modified":"2026-04-16T17:43:37","modified_gmt":"2026-04-16T14:43:37","slug":"tekli-islak-mendil","status":"publish","type":"product","link":"https:\/\/ambalajbursa.com\/magaza\/urun\/tekli-islak-mendil\/","title":{"rendered":"Tekli \u0131slak mendil"},"content":{"rendered":"<h2>Tekli \u0131slak mendil<\/h2>\n<p>Tesislerimizde makinalar\u0131m\u0131z tam otomatik olup el de\u011fmeden hijyenik ortamda \u00fcretim yap\u0131lmaktad\u0131r.<br \/>\nKolonyal\u0131 mendil &#8211; dezenfekte mendil \u00e7e\u015fitleri\u00a0 &#8211; Tekli \u0131slak mendil<br \/>\n10.000 adet Fiyatlar\u0131d\u0131r.<\/p>\n<p>\u00fcr\u00fcnler kokulu sol\u00fcsyon ile doldurulur.<br \/>\nSol\u00fcsyon \u00e7e\u015fitleri: Dove &#8211; Davidoff &#8211; Limon &#8211; weekend &#8211; di\u011fer meyve aromal\u0131 kokular &#8211; Tipi tip kokusu, \u00c7i\u00e7ek \u00f6z\u00fc<br \/>\nAmbalaj orjinal dublex veya triplex<br \/>\nHavlu: 38 &#8211; 40 gr m2 ( nonwoven %10 viskon %90 Polyester)<\/p>\n<p>Bask\u0131 m\u00fc\u015fterinin tercihine g\u00f6re bas\u0131l\u0131r.<br \/>\nfiyatlar ister tek renk isterse \u00e7ok renkli resim bask\u0131 ayn\u0131 fiyatt\u0131r.<br \/>\nbas\u0131lacak olan renge g\u00f6re bir defa olmak \u00fczere kli\u015fe bedeli al\u0131n\u0131r.<br \/>\nkli\u015fe bedeli bas\u0131lacak ambalaj ebad\u0131na g\u00f6re de\u011fi\u015fmektedir.<br \/>\nortalama <strong><span style=\"font-size: 20px;\">Tek renk kli\u015fe bedeli 750 TL<\/span><\/strong>&#8216;dir<\/p>\n<p><strong>kolonya iste\u011fe ba\u011fl\u0131 olarak konur<\/strong>.<br \/>\nM\u00fc\u015fteri \u00fcr\u00fcne kolonya konulmas\u0131n\u0131 talep ederse belirledi\u011fi \u00f6l\u00e7\u00fcde kolonya konulur.<br \/>\nkolonya ve di\u011fer s\u0131v\u0131 ak\u0131\u015fkan \u00fcr\u00fcn tercih ederse ekstra \u00fccret talep edilir.<\/p>\n<p>1-) Fiyatlara K.D.V dahil <strong>de\u011fildir<\/strong>.<br \/>\n2-) Firma logolu \u00e7al\u0131\u015fmalarda bir defaya mahsus kli\u015fe \u00fccreti talep edilir.<br \/>\nFoto\u011fraf bask\u0131l\u0131 \u00e7al\u0131\u015fmalarda ise kli\u015fe \u00fccreti ebada g\u00f6re de\u011fi\u015fir.<br \/>\n3-) Fiyatlar\u0131m\u0131za Nakliye bedeli dahil de\u011fildir.<br \/>\n4-) Sipari\u015f i\u00e7in logo tasar\u0131m\u0131 firmam\u0131z b\u00fcnyesinde yap\u0131l\u0131r. Onay al\u0131nd\u0131ktan sonra \u00fcretime ge\u00e7ilir.<br \/>\n5-) Onay verildikten sonra sipari\u015f \u00fccretinin % 50&#8217;si pe\u015fin, kalan\u0131 \u00fcr\u00fcn teslimatta talep edilir.<br \/>\n6-) <strong>Sipari\u015flerde \u00fcretim adedi %10 +- de\u011fi\u015fiklik g\u00f6sterebilir<\/strong>. Net \u00fcretim adedi \u00fczerinden faturaland\u0131r\u0131l\u0131r.<\/p>\n<p>Teslimat s\u00fcresi ortalama 7 i\u015f g\u00fcn\u00fcd\u00fcr.<\/p>\n","protected":false},"excerpt":{"rendered":"<p>Tek kullan\u0131ml\u0131k \u0131slak mendil m\u00fc\u015fterinin tercihine g\u00f6re \u00fcretim yap\u0131l\u0131r. kolonya, koku ve bask\u0131 vs.<br \/>\nLogo bask\u0131l\u0131 fiyatlar, ister tek renk veya \u00e7ok renkli resim bask\u0131 ayn\u0131 fiyatt\u0131r.<br \/>\n\u00d6n sipari\u015fli \u00fcr\u00fcnlerdir.<\/p>\n<p>KOLONYA FARKI: Birim fiyat\u0131<br \/>\n80\u00b0 L\u0130MON KOLONYA\u00a0 0,25 TL =2500 TL ilave<br \/>\n40\u00b0 L\u0130MON KOLONYA 0,125 TL =1250 TL ilave<br \/>\n30\u00b0 L\u0130MON KOLONYA 0,090 TL = 900 TL ilave<\/p>\n<p>\u00d6rnek: 0,25 x 10.000 ad.= 2500 TL\u00a0 + Islak mendil fiyat\u0131<\/p>\n","protected":false},"featured_media":12808,"comment_status":"open","ping_status":"closed","template":"","meta":[],"product_brand":[],"product_cat":[213,245,212],"product_tag":[216,222,221,523,834,210,215,521,366,771,519,525,520,899,517,518,220,835,833],"class_list":{"0":"post-12809","1":"product","2":"type-product","3":"status-publish","4":"has-post-thumbnail","6":"product_cat-islak-mendil","7":"product_cat-logo-baskili-ambalaj","8":"product_cat-temizlik-urunleri","9":"product_tag-dezenfakte-mendil","10":"product_tag-dezenfektan-mendil","11":"product_tag-dezenfekte-mendil","12":"product_tag-el-temizleme-mendili","13":"product_tag-el-timizleme-mendili","14":"product_tag-hijyenik-mendil","15":"product_tag-islak-mendil","16":"product_tag-kokulu-mendil","17":"product_tag-kolonyali-mendil","18":"product_tag-logo-baskili-islak-mendil","19":"product_tag-lokanta-mendili","20":"product_tag-musteri-mendili","21":"product_tag-restaurant-mendili","22":"product_tag-sase-ambalaj","23":"product_tag-tek-kullanimlik-islak-mendil","24":"product_tag-tek-mendil","25":"product_tag-tekli-islak-mendil","26":"product_tag-temizleme-urunu","27":"product_tag-temizlik-urunleri","29":"entry","30":"has-media","32":"first","33":"instock","34":"taxable","35":"shipping-taxable","36":"purchasable","37":"product-type-variable","38":"has-default-attributes","39":"has-rating","40":"has-product-nav","41":"col","42":"span_1_of_5","43":"owp-content-center","44":"owp-thumbs-layout-vertical","45":"owp-btn-normal","46":"owp-tabs-layout-horizontal","48":"circle-sale"},"_links":{"self":[{"href":"https:\/\/ambalajbursa.com\/magaza\/wp-json\/wp\/v2\/product\/12809","targetHints":{"allow":["GET"]}}],"collection":[{"href":"https:\/\/ambalajbursa.com\/magaza\/wp-json\/wp\/v2\/product"}],"about":[{"href":"https:\/\/ambalajbursa.com\/magaza\/wp-json\/wp\/v2\/types\/product"}],"replies":[{"embeddable":true,"href":"https:\/\/ambalajbursa.com\/magaza\/wp-json\/wp\/v2\/comments?post=12809"}],"wp:featuredmedia":[{"embeddable":true,"href":"https:\/\/ambalajbursa.com\/magaza\/wp-json\/wp\/v2\/media\/12808"}],"wp:attachment":[{"href":"https:\/\/ambalajbursa.com\/magaza\/wp-json\/wp\/v2\/media?parent=12809"}],"wp:term":[{"taxonomy":"product_brand","embeddable":true,"href":"https:\/\/ambalajbursa.com\/magaza\/wp-json\/wp\/v2\/product_brand?post=12809"},{"taxonomy":"product_cat","embeddable":true,"href":"https:\/\/ambalajbursa.com\/magaza\/wp-json\/wp\/v2\/product_cat?post=12809"},{"taxonomy":"product_tag","embeddable":true,"href":"https:\/\/ambalajbursa.com\/magaza\/wp-json\/wp\/v2\/product_tag?post=12809"}],"curies":[{"name":"wp","href":"https:\/\/api.w.org\/{rel}","templated":true}]}}