{"id":17947,"date":"2025-12-28T02:03:45","date_gmt":"2025-12-27T23:03:45","guid":{"rendered":"https:\/\/www.ambalajbursa.com\/magaza\/?post_type=product&#038;p=17947"},"modified":"2026-01-02T23:51:10","modified_gmt":"2026-01-02T20:51:10","slug":"dokuma-etiket-fiyatini-hesapla","status":"publish","type":"product","link":"https:\/\/ambalajbursa.com\/magaza\/urun\/dokuma-etiket-fiyatini-hesapla\/","title":{"rendered":"Dokuma Etiket"},"content":{"rendered":"<h2><a href=\"https:\/\/www.ambalajbursa.com\/magaza\/urun\/dokuma-etiket-hesapla\/\">Dokuma etiket fiyat\u0131n\u0131 hesapla\u00a0<\/a><\/h2>\n<p><a href=\"http:\/\/Dokuma etiket fiyat\u0131n\u0131 hesapla\" rel=\"nofollow\">Sipari\u015f vermeden \u00f6nce l\u00fctfen hesaplama uygulamas\u0131 ile etiketinizi hesaplay\u0131n\u0131z.<\/a><br \/>\nEtiket fiyat\u0131n\u0131z\u0131 hesaplama yapmak i\u00e7in l\u00fctfen linke t\u0131klay\u0131n\u0131z.<\/p>\n","protected":false},"excerpt":{"rendered":"<h2><a href=\"https:\/\/www.ambalajbursa.com\/magaza\/urun\/dokuma-etiket-hesapla\/\">Dokuma etiket fiyat\u0131n\u0131 hesapla\u00a0<\/a><\/h2>\n<p>KARGO B\u0130ZDEN &#8211; ( \u00dcCRETS\u0130Z KARGO )<br \/>\n<a href=\"http:\/\/Dokuma etiket fiyat\u0131n\u0131 hesapla\">Sipari\u015f vermeden \u00f6nce l\u00fctfen hesaplama uygulamas\u0131 ile etiketinizi hesaplay\u0131n\u0131z.<\/a><\/p>\n<p>Resimler sadece g\u00f6rsel ama\u00e7l\u0131d\u0131r.<br \/>\nSizin tasar\u0131m\u0131n\u0131z ve markan\u0131z \u00fcretilmektedir.<br \/>\nEtiket fiyat\u0131n\u0131z\u0131 hesaplama yapmak i\u00e7in l\u00fctfen linke t\u0131klay\u0131n\u0131z.<\/p>\n","protected":false},"featured_media":13753,"comment_status":"open","ping_status":"closed","template":"","meta":[],"product_brand":[892],"product_cat":[311],"product_tag":[896,613,893,850,895,894],"class_list":{"0":"post-17947","1":"product","2":"type-product","3":"status-publish","4":"has-post-thumbnail","6":"product_brand-seyma-etiket","7":"product_cat-etiket","8":"product_tag-camasir-etiketi","9":"product_tag-dokuma-etiket","10":"product_tag-dokuma-etiket-fiyatini-hesapla","11":"product_tag-elbise-etiketi","12":"product_tag-kumas-etiket","13":"product_tag-yaka-etiketi","15":"entry","16":"has-media","18":"first","19":"instock","20":"taxable","21":"shipping-taxable","22":"purchasable","23":"product-type-simple","24":"has-product-nav","25":"col","26":"span_1_of_6","27":"owp-content-center","28":"owp-thumbs-layout-vertical","29":"owp-btn-normal","30":"owp-tabs-layout-horizontal","32":"circle-sale"},"_links":{"self":[{"href":"https:\/\/ambalajbursa.com\/magaza\/wp-json\/wp\/v2\/product\/17947","targetHints":{"allow":["GET"]}}],"collection":[{"href":"https:\/\/ambalajbursa.com\/magaza\/wp-json\/wp\/v2\/product"}],"about":[{"href":"https:\/\/ambalajbursa.com\/magaza\/wp-json\/wp\/v2\/types\/product"}],"replies":[{"embeddable":true,"href":"https:\/\/ambalajbursa.com\/magaza\/wp-json\/wp\/v2\/comments?post=17947"}],"wp:featuredmedia":[{"embeddable":true,"href":"https:\/\/ambalajbursa.com\/magaza\/wp-json\/wp\/v2\/media\/13753"}],"wp:attachment":[{"href":"https:\/\/ambalajbursa.com\/magaza\/wp-json\/wp\/v2\/media?parent=17947"}],"wp:term":[{"taxonomy":"product_brand","embeddable":true,"href":"https:\/\/ambalajbursa.com\/magaza\/wp-json\/wp\/v2\/product_brand?post=17947"},{"taxonomy":"product_cat","embeddable":true,"href":"https:\/\/ambalajbursa.com\/magaza\/wp-json\/wp\/v2\/product_cat?post=17947"},{"taxonomy":"product_tag","embeddable":true,"href":"https:\/\/ambalajbursa.com\/magaza\/wp-json\/wp\/v2\/product_tag?post=17947"}],"curies":[{"name":"wp","href":"https:\/\/api.w.org\/{rel}","templated":true}]}}