{"id":18730,"date":"2026-04-30T20:03:59","date_gmt":"2026-04-30T17:03:59","guid":{"rendered":"https:\/\/ambalajbursa.com\/magaza\/?post_type=product&#038;p=18730"},"modified":"2026-04-30T22:15:03","modified_gmt":"2026-04-30T19:15:03","slug":"ipli-beyaz-mini-karton-canta-11x11x5","status":"publish","type":"product","link":"https:\/\/ambalajbursa.com\/magaza\/urun\/ipli-beyaz-mini-karton-canta-11x11x5\/","title":{"rendered":"\u0130pli Beyaz mini Karton \u00e7anta 11x11x5"},"content":{"rendered":"<p><strong>\u0130pli Beyaz mini Karton \u00e7anta 11x11x5<\/strong><\/p>\n<p data-start=\"140\" data-end=\"541\">\u015e\u0131k ve pratik <strong data-start=\"154\" data-end=\"186\">\u0130pli Beyaz Mini Karton \u00c7anta<\/strong>, 230 &#8211; 250 M\u00b2 Bristol kartondan \u00fcretilmi\u015f olup selefon kaplamas\u0131zd\u0131r. Bu \u00e7anta, <strong data-start=\"267\" data-end=\"283\">firmaya \u00f6zel<\/strong> kullan\u0131m i\u00e7in m\u00fckemmel bir tercihtir. \u00d6zellikle <strong data-start=\"332\" data-end=\"352\">hediye paketleri<\/strong>, <strong data-start=\"354\" data-end=\"372\">\u00fcr\u00fcn sunumlar\u0131<\/strong> veya <strong data-start=\"378\" data-end=\"406\">kurumsal organizasyonlar<\/strong> gibi etkinliklerde kullan\u0131ma uygundur. Beyaz rengi ve sa\u011flam ipi ile \u015f\u0131k bir g\u00f6r\u00fcn\u00fcm sunarken, firman\u0131za \u00f6zel \u015f\u0131kl\u0131k ve kalite sa\u011flar.<\/p>\n<ul data-start=\"543\" data-end=\"748\">\n<li data-section-id=\"aokufn\" data-start=\"543\" data-end=\"568\"><strong data-start=\"545\" data-end=\"556\">\u00d6l\u00e7\u00fcler<\/strong>: 11x11x5 cm<\/li>\n<li data-section-id=\"17mng0x\" data-start=\"569\" data-end=\"611\"><strong data-start=\"571\" data-end=\"582\">Malzeme<\/strong>: 230 &#8211; 250 M\u00b2 Bristol Karton<\/li>\n<li data-section-id=\"k1cisy\" data-start=\"612\" data-end=\"645\"><strong data-start=\"614\" data-end=\"625\">Kaplama<\/strong>: Selefon kaplamas\u0131z<\/li>\n<li data-section-id=\"1bg3gcx\" data-start=\"646\" data-end=\"748\"><strong data-start=\"648\" data-end=\"666\">Kullan\u0131m Alan\u0131<\/strong>: Hediye paketleme, \u00fcr\u00fcn sunumu, kurumsal etkinlikler ve <strong data-start=\"723\" data-end=\"739\">firmaya \u00f6zel<\/strong> sunumlar<\/li>\n<\/ul>\n<p data-start=\"750\" data-end=\"890\">Bu mini karton \u00e7anta, firman\u0131za \u00f6zel logo veya bask\u0131 ile ki\u015fiselle\u015ftirilebilir ve organizasyonlar\u0131n\u0131za \u015f\u0131kl\u0131k katacak ideal bir \u00e7\u00f6z\u00fcm sunar.<br \/>\nTOPLU ALIMLAR \u0130\u00c7IN<br \/>\n<a class=\"wp-block-button__link has-black-color has-luminous-vivid-amber-background-color has-text-color has-background has-link-color has-text-align-center wp-element-button\" href=\"https:\/\/wa.me\/905437744429\" rel=\"nofollow noopener\" target=\"_blank\">Hemen teklif al<\/a><\/p>\n<p>\u00d6zel bask\u0131l\u0131 sipari\u015flerde \u00fcretim 7 i\u015f g\u00fcn\u00fcd\u00fcr.<br \/>\n<a href=\"https:\/\/ambalajbursa.com\/magaza\/urun\/logo-ve-firma-ismi-veya-resim-baski-ucreti\/\">\u00d6zel Bask\u0131 \u00fccreti<\/a><\/p>\n<p>&nbsp;<\/p>\n","protected":false},"excerpt":{"rendered":"<h2><strong>\u0130pli Beyaz mini Karton \u00e7anta 11x11x5<\/strong><\/h2>\n<ul data-start=\"543\" data-end=\"748\">\n<li data-section-id=\"aokufn\" data-start=\"543\" data-end=\"568\"><strong data-start=\"545\" data-end=\"556\">\u00d6l\u00e7\u00fcler<\/strong>: 11x11x5 cm<\/li>\n<li data-section-id=\"17mng0x\" data-start=\"569\" data-end=\"611\"><strong data-start=\"571\" data-end=\"582\">Malzeme<\/strong>: 230 &#8211; 250 M\u00b2 Bristol Karton<\/li>\n<li data-section-id=\"k1cisy\" data-start=\"612\" data-end=\"645\"><strong data-start=\"614\" data-end=\"625\">Kaplama<\/strong>: Selefon kaplamas\u0131z<\/li>\n<\/ul>\n","protected":false},"featured_media":18734,"comment_status":"open","ping_status":"closed","template":"","meta":[],"product_brand":[890],"product_cat":[752,34],"product_tag":[909,231,910,908],"class_list":{"0":"post-18730","1":"product","2":"type-product","3":"status-publish","4":"has-post-thumbnail","6":"product_brand-seyma-ambalaj","7":"product_cat-ip-sapli-karton-canta","8":"product_cat-karton-cantalar","9":"product_tag-11x11x5-kucuk-karton-canta","10":"product_tag-beyaz-karton-canta","11":"product_tag-ipli-beyaz-mini-karton-canta-11x11x5","12":"product_tag-mini-ipli-karton-canta","14":"entry","15":"has-media","17":"first","18":"instock","19":"taxable","20":"shipping-taxable","21":"purchasable","22":"product-type-simple","23":"has-product-nav","24":"col","25":"span_1_of_6","26":"owp-content-center","27":"owp-thumbs-layout-vertical","28":"owp-btn-normal","29":"owp-tabs-layout-horizontal","31":"circle-sale"},"_links":{"self":[{"href":"https:\/\/ambalajbursa.com\/magaza\/wp-json\/wp\/v2\/product\/18730","targetHints":{"allow":["GET"]}}],"collection":[{"href":"https:\/\/ambalajbursa.com\/magaza\/wp-json\/wp\/v2\/product"}],"about":[{"href":"https:\/\/ambalajbursa.com\/magaza\/wp-json\/wp\/v2\/types\/product"}],"replies":[{"embeddable":true,"href":"https:\/\/ambalajbursa.com\/magaza\/wp-json\/wp\/v2\/comments?post=18730"}],"wp:featuredmedia":[{"embeddable":true,"href":"https:\/\/ambalajbursa.com\/magaza\/wp-json\/wp\/v2\/media\/18734"}],"wp:attachment":[{"href":"https:\/\/ambalajbursa.com\/magaza\/wp-json\/wp\/v2\/media?parent=18730"}],"wp:term":[{"taxonomy":"product_brand","embeddable":true,"href":"https:\/\/ambalajbursa.com\/magaza\/wp-json\/wp\/v2\/product_brand?post=18730"},{"taxonomy":"product_cat","embeddable":true,"href":"https:\/\/ambalajbursa.com\/magaza\/wp-json\/wp\/v2\/product_cat?post=18730"},{"taxonomy":"product_tag","embeddable":true,"href":"https:\/\/ambalajbursa.com\/magaza\/wp-json\/wp\/v2\/product_tag?post=18730"}],"curies":[{"name":"wp","href":"https:\/\/api.w.org\/{rel}","templated":true}]}}