{"id":387,"date":"2022-11-07T23:22:20","date_gmt":"2022-11-07T20:22:20","guid":{"rendered":"https:\/\/www.ambalajbursa.com\/magaza2\/magaza\/urun\/kategorilenmemis\/import-placeholder-for-8047"},"modified":"2026-03-08T22:33:06","modified_gmt":"2026-03-08T19:33:06","slug":"kirmizi-kalp-desenli-ceyrek-altin-kutusu","status":"publish","type":"product","link":"https:\/\/ambalajbursa.com\/magaza\/urun\/kirmizi-kalp-desenli-ceyrek-altin-kutusu\/","title":{"rendered":"K\u0131rm\u0131z\u0131 Kalp Desenli \u00c7eyrek Kutusu"},"content":{"rendered":"<h2 style=\"text-align: left;\">K\u0131rm\u0131z\u0131 Kalp Desenli \u00c7eyrek Kutusu<\/h2>\n<p>\u00c7eyrek alt\u0131n kutusu her pakette 100 adet vard\u0131r.<br \/>\ni\u00e7i s\u00fcngerli, elyaf veya pamuklu \u00e7e\u015fitlerimiz mevcuttur.<br \/>\n100&#8217;l\u00fc paket<br \/>\ni\u00e7i s\u00fcngerli<\/p>\n","protected":false},"excerpt":{"rendered":"<p style=\"text-align: left;\">K\u0131rm\u0131z\u0131 Kalp desenli \u00c7eyrek Alt\u0131n Kutusu<\/p>\n<p style=\"text-align: left;\">\u00a0<img loading=\"lazy\" decoding=\"async\" class=\"alignnone size-full wp-image-11729\" src=\"https:\/\/www.ambalajbursa.com\/magaza\/wp-content\/uploads\/2020\/01\/\u00dc\u00e7-g\u00fcn\u00fcnde-kargoda-1.jpg\" alt=\"\" width=\"125\" height=\"64\" \/><\/p>\n","protected":false},"featured_media":169,"comment_status":"open","ping_status":"closed","template":"","meta":[],"product_brand":[],"product_cat":[28,29,897],"product_tag":[84,85,86],"class_list":{"0":"post-387","1":"product","2":"type-product","3":"status-publish","4":"has-post-thumbnail","6":"product_cat-karton-kutular","7":"product_cat-standart-firma-baskisiz-urunler","8":"product_cat-taki-kutusu","9":"product_tag-ceyrek-kutusu","10":"product_tag-kirmizi-kalpli-ceyrek-altin-kutusu","11":"product_tag-kirmizi-kalpli-desenli-ceyrek-altin-kutusu","13":"entry","14":"has-media","16":"first","17":"outofstock","18":"taxable","19":"shipping-taxable","20":"purchasable","21":"product-type-simple","22":"has-rating","23":"has-product-nav","24":"col","25":"span_1_of_5","26":"owp-content-center","27":"owp-thumbs-layout-vertical","28":"owp-btn-normal","29":"owp-tabs-layout-horizontal","31":"circle-sale"},"_links":{"self":[{"href":"https:\/\/ambalajbursa.com\/magaza\/wp-json\/wp\/v2\/product\/387","targetHints":{"allow":["GET"]}}],"collection":[{"href":"https:\/\/ambalajbursa.com\/magaza\/wp-json\/wp\/v2\/product"}],"about":[{"href":"https:\/\/ambalajbursa.com\/magaza\/wp-json\/wp\/v2\/types\/product"}],"replies":[{"embeddable":true,"href":"https:\/\/ambalajbursa.com\/magaza\/wp-json\/wp\/v2\/comments?post=387"}],"wp:featuredmedia":[{"embeddable":true,"href":"https:\/\/ambalajbursa.com\/magaza\/wp-json\/wp\/v2\/media\/169"}],"wp:attachment":[{"href":"https:\/\/ambalajbursa.com\/magaza\/wp-json\/wp\/v2\/media?parent=387"}],"wp:term":[{"taxonomy":"product_brand","embeddable":true,"href":"https:\/\/ambalajbursa.com\/magaza\/wp-json\/wp\/v2\/product_brand?post=387"},{"taxonomy":"product_cat","embeddable":true,"href":"https:\/\/ambalajbursa.com\/magaza\/wp-json\/wp\/v2\/product_cat?post=387"},{"taxonomy":"product_tag","embeddable":true,"href":"https:\/\/ambalajbursa.com\/magaza\/wp-json\/wp\/v2\/product_tag?post=387"}],"curies":[{"name":"wp","href":"https:\/\/api.w.org\/{rel}","templated":true}]}}