{"id":394,"date":"2022-11-07T23:22:21","date_gmt":"2022-11-07T20:22:21","guid":{"rendered":"https:\/\/www.ambalajbursa.com\/magaza2\/magaza\/urun\/kategorilenmemis\/import-placeholder-for-11262"},"modified":"2025-12-18T05:39:07","modified_gmt":"2025-12-18T02:39:07","slug":"primer-yuzey-temizleme-urunu","status":"publish","type":"product","link":"https:\/\/ambalajbursa.com\/magaza\/urun\/primer-yuzey-temizleme-urunu\/","title":{"rendered":"Primer Y\u00fczey temizleme \u00fcr\u00fcn\u00fc"},"content":{"rendered":"<h2><span style=\"vertical-align: inherit;\"><span style=\"vertical-align: inherit;\">Primer y\u00fczey temizleme \u00fcr\u00fcn\u00fc<\/span><\/span><\/h2>\n<p><span style=\"vertical-align: inherit;\"><span style=\"vertical-align: inherit;\">Otomobil ve t\u00fcm ara\u00e7lara aksesuar ve \u00e7\u0131kartma vb.\u00a0 yap\u0131\u015ft\u0131rmadan \u00f6nce veya yap\u0131\u015ft\u0131rma \u00e7\u0131kar\u0131ld\u0131ktan sonra y\u00fczeyde kalan lekeleri \u00e7\u0131karmak i\u00e7in kimyasal y\u00fczey temizleme \u00fcr\u00fcn\u00fcd\u00fcr.<br \/>\n<\/span><\/span><\/p>\n","protected":false},"excerpt":{"rendered":"<p><span style=\"vertical-align: inherit;\"><span style=\"vertical-align: inherit;\">Primer y\u00fczey temizleme \u00fcr\u00fcn\u00fc<\/span><\/span><\/p>\n<p><span style=\"vertical-align: inherit;\"><span style=\"vertical-align: inherit;\">Otomobil ve t\u00fcm ara\u00e7lara aksesuar ve \u00e7\u0131kartma vb.\u00a0 yap\u0131\u015ft\u0131rmadan \u00f6nce veya yap\u0131\u015ft\u0131rma \u00e7\u0131kar\u0131ld\u0131ktan sonra y\u00fczeyde kalan lekeleri \u00e7\u0131karmak i\u00e7in kimyasal y\u00fczey temizleme \u00fcr\u00fcn\u00fcd\u00fcr.<br \/>\n<img loading=\"lazy\" decoding=\"async\" class=\"alignnone size-medium wp-image-11722\" src=\"https:\/\/www.ambalajbursa.com\/magaza\/wp-content\/uploads\/2020\/01\/\u00f6deme-2-300x191.jpg\" alt=\"\" width=\"300\" height=\"191\" \/> <img loading=\"lazy\" decoding=\"async\" class=\"alignnone size-full wp-image-11729\" src=\"https:\/\/www.ambalajbursa.com\/magaza\/wp-content\/uploads\/2020\/01\/\u00dc\u00e7-g\u00fcn\u00fcnde-kargoda-1.jpg\" alt=\"\" width=\"125\" height=\"64\" \/><br \/>\n<\/span><\/span><\/p>\n","protected":false},"featured_media":257,"comment_status":"open","ping_status":"closed","template":"","meta":[],"product_brand":[],"product_cat":[212],"product_tag":[840,194,832,841,842,96,831,97,829,830,98,843,844],"class_list":{"0":"post-394","1":"product","2":"type-product","3":"status-publish","4":"has-post-thumbnail","6":"product_cat-temizlik-urunleri","7":"product_tag-aksesuar-yapistiricisi","8":"product_tag-kimyasal","9":"product_tag-oto-primer","10":"product_tag-oto-primeri","11":"product_tag-paket-primer","12":"product_tag-primer","13":"product_tag-primer-aksesuar-yapistiricisi","14":"product_tag-primer-ambalaji","15":"product_tag-primer-temizleme","16":"product_tag-primer-yapistirma-guclendirici","17":"product_tag-primer-yuzey-temizleme","18":"product_tag-temizleyici","19":"product_tag-temizleyici-primer","21":"entry","22":"has-media","24":"first","25":"outofstock","26":"featured","27":"taxable","28":"shipping-taxable","29":"purchasable","30":"product-type-simple","31":"has-rating","32":"has-product-nav","33":"col","34":"span_1_of_5","35":"owp-content-center","36":"owp-thumbs-layout-vertical","37":"owp-btn-normal","38":"owp-tabs-layout-horizontal","40":"circle-sale"},"_links":{"self":[{"href":"https:\/\/ambalajbursa.com\/magaza\/wp-json\/wp\/v2\/product\/394","targetHints":{"allow":["GET"]}}],"collection":[{"href":"https:\/\/ambalajbursa.com\/magaza\/wp-json\/wp\/v2\/product"}],"about":[{"href":"https:\/\/ambalajbursa.com\/magaza\/wp-json\/wp\/v2\/types\/product"}],"replies":[{"embeddable":true,"href":"https:\/\/ambalajbursa.com\/magaza\/wp-json\/wp\/v2\/comments?post=394"}],"wp:featuredmedia":[{"embeddable":true,"href":"https:\/\/ambalajbursa.com\/magaza\/wp-json\/wp\/v2\/media\/257"}],"wp:attachment":[{"href":"https:\/\/ambalajbursa.com\/magaza\/wp-json\/wp\/v2\/media?parent=394"}],"wp:term":[{"taxonomy":"product_brand","embeddable":true,"href":"https:\/\/ambalajbursa.com\/magaza\/wp-json\/wp\/v2\/product_brand?post=394"},{"taxonomy":"product_cat","embeddable":true,"href":"https:\/\/ambalajbursa.com\/magaza\/wp-json\/wp\/v2\/product_cat?post=394"},{"taxonomy":"product_tag","embeddable":true,"href":"https:\/\/ambalajbursa.com\/magaza\/wp-json\/wp\/v2\/product_tag?post=394"}],"curies":[{"name":"wp","href":"https:\/\/api.w.org\/{rel}","templated":true}]}}