{"id":414,"date":"2022-11-07T23:22:38","date_gmt":"2022-11-07T20:22:38","guid":{"rendered":"https:\/\/www.ambalajbursa.com\/magaza2\/magaza\/urun\/kategorilenmemis\/import-placeholder-for-14406"},"modified":"2025-12-30T01:45:57","modified_gmt":"2025-12-29T22:45:57","slug":"hediyelik-karton-canta","status":"publish","type":"product","link":"https:\/\/ambalajbursa.com\/magaza\/urun\/hediyelik-karton-canta\/","title":{"rendered":"Hediyelik karton \u00e7antalar"},"content":{"rendered":"<h2>Hediyelik karton \u00e7antalar<\/h2>\n<p>Karton cinsi: A. Bristol<br \/>\nKarton gramaj\u0131: 230 &#8211; 250 m\u00b2<br \/>\nEbatlar\u0131: en: 24 cm boy: 34 cm taban (k\u00f6r\u00fck) 9,5 Cm<br \/>\n24x34x9,5 cm<br \/>\nBuradaki \u00fcr\u00fcnlerle ilgili sipari\u015f vermeden \u00f6nce detayl\u0131 bilgi almak i\u00e7in bizi aramaktan \u00e7ekinmeyin.<br \/>\n0543 77 444 29<\/p>\n<p>&nbsp;<\/p>\n","protected":false},"excerpt":{"rendered":"<p>hediyelik karton \u00e7antalar<\/p>\n<p>karton \u00e7anta \u00f6l\u00fclerimizle ilgili detayl\u0131 \u00f6l\u00e7\u00fcleri <a href=\"https:\/\/www.ambalajbursa.com\/karton-canta-ebatlari-bursa\/\">BURADAN<\/a> g\u00f6rebilirsiniz fiyat fark\u0131 \u00f6l\u00e7\u00fclere, bask\u0131 \u00e7e\u015fidine, karton kalitesine g\u00f6re de\u011fi\u015fmektedir.<br \/>\n\u00dcr\u00fcne g\u00f6re fiyatlar de\u011fi\u015fkendir. Fiyat ortalama olarak g\u00f6sterilmektedir.<br \/>\nen: 24 cm boy: 34 cm taban (k\u00f6r\u00fck) 9,5 Cm (24 x 34 x 9,5)<br \/>\n\u00dcretim S\u0131ras\u0131na g\u00f6re kargo g\u00f6nderimi de\u011fi\u015fmektedir.<br \/>\nBuradaki fiyat g\u00f6sterilen ebad\u0131n ortalama fiyat\u0131d\u0131r.<br \/>\nFiyat 1000\u00a0 adet fiyat\u0131d\u0131r.<\/p>\n<p><img loading=\"lazy\" decoding=\"async\" class=\"alignnone size-medium wp-image-11722\" src=\"https:\/\/www.ambalajbursa.com\/magaza\/wp-content\/uploads\/2020\/01\/\u00f6deme-2-300x191.jpg\" alt=\"\" width=\"300\" height=\"191\" \/><br \/>\nStok Durumuna g\u00f6re kargo g\u00f6nderimi de\u011fi\u015fir<\/p>\n","protected":false},"featured_media":274,"comment_status":"open","ping_status":"closed","template":"","meta":[],"product_brand":[],"product_cat":[34,217],"product_tag":[756,43,44,759,755,100,758,48,757,367,102,372,754],"class_list":{"0":"post-414","1":"product","2":"type-product","3":"status-publish","4":"has-post-thumbnail","6":"product_cat-karton-cantalar","7":"product_cat-hediyelik","8":"product_tag-hediyelik","9":"product_tag-hediyelik-dore-karton-canta","10":"product_tag-hediyelik-karton-canta","11":"product_tag-hediyelik-karton-cantalar","12":"product_tag-kapakli","13":"product_tag-kapakli-hediyelik-karton-canta","14":"product_tag-kartondan-ucgen-canta","15":"product_tag-kirmizi-karton-canta","16":"product_tag-ozel-karton-canta","17":"product_tag-puantiyeli-kartom-canta","18":"product_tag-siyah-mat-hediyelik-karton-canta","19":"product_tag-siyah-mat-karton-canta","20":"product_tag-ucgen-karton-canta","22":"entry","23":"has-media","25":"first","26":"onbackorder","27":"taxable","28":"shipping-taxable","29":"purchasable","30":"product-type-simple","31":"has-rating","32":"has-product-nav","33":"col","34":"span_1_of_5","35":"owp-content-center","36":"owp-thumbs-layout-vertical","37":"owp-btn-normal","38":"owp-tabs-layout-horizontal","40":"circle-sale"},"_links":{"self":[{"href":"https:\/\/ambalajbursa.com\/magaza\/wp-json\/wp\/v2\/product\/414","targetHints":{"allow":["GET"]}}],"collection":[{"href":"https:\/\/ambalajbursa.com\/magaza\/wp-json\/wp\/v2\/product"}],"about":[{"href":"https:\/\/ambalajbursa.com\/magaza\/wp-json\/wp\/v2\/types\/product"}],"replies":[{"embeddable":true,"href":"https:\/\/ambalajbursa.com\/magaza\/wp-json\/wp\/v2\/comments?post=414"}],"wp:featuredmedia":[{"embeddable":true,"href":"https:\/\/ambalajbursa.com\/magaza\/wp-json\/wp\/v2\/media\/274"}],"wp:attachment":[{"href":"https:\/\/ambalajbursa.com\/magaza\/wp-json\/wp\/v2\/media?parent=414"}],"wp:term":[{"taxonomy":"product_brand","embeddable":true,"href":"https:\/\/ambalajbursa.com\/magaza\/wp-json\/wp\/v2\/product_brand?post=414"},{"taxonomy":"product_cat","embeddable":true,"href":"https:\/\/ambalajbursa.com\/magaza\/wp-json\/wp\/v2\/product_cat?post=414"},{"taxonomy":"product_tag","embeddable":true,"href":"https:\/\/ambalajbursa.com\/magaza\/wp-json\/wp\/v2\/product_tag?post=414"}],"curies":[{"name":"wp","href":"https:\/\/api.w.org\/{rel}","templated":true}]}}